{"id":206,"date":"2020-04-20T18:28:08","date_gmt":"2020-04-20T18:28:08","guid":{"rendered":"https:\/\/pro.buddyxtheme.com\/?page_id=206"},"modified":"2025-01-24T17:10:34","modified_gmt":"2025-01-24T17:10:34","slug":"novosti","status":"publish","type":"page","link":"https:\/\/sofi4agri.com\/en\/novosti\/","title":{"rendered":"News"},"content":{"rendered":"<div data-elementor-type=\"wp-page\" data-elementor-id=\"206\" class=\"elementor elementor-206\">\n\t\t\t\t<div class=\"elementor-element elementor-element-7e525e9 e-flex e-con-boxed e-con e-parent\" data-id=\"7e525e9\" data-element_type=\"container\" data-e-type=\"container\">\n\t\t\t\t\t<div class=\"e-con-inner\">\n\t\t\t\t<div class=\"elementor-element elementor-element-17004e9 elementor-widget elementor-widget-wbcom-posts-revolution\" data-id=\"17004e9\" data-element_type=\"widget\" data-e-type=\"widget\" data-widget_type=\"wbcom-posts-revolution.default\">\n\t\t\t\t<div class=\"elementor-widget-container\">\n\t\t\t\t\t<style type=\"text\/css\"><\/style><div class=\"wbclear\"><\/div><div class=\"wbcom-essential-posts-revolution-elementor posts_type3 wbselector-1\"><div class=\"wb-columns-2\"><div class=\"wbcom-essential-posts-revolution-elementor-thumbs-container\"><img decoding=\"async\" class=\"wb-megaposts-thumbs\" src=\"https:\/\/sofi4agri.com\/wp-content\/uploads\/2025\/02\/1000014223-800x500.jpg\" alt=\"Sporazum o suradnji: Grad Kri\u017eevci, VUK i UEZ\"><\/div><div class=\"wb-info-left\"><span class=\"wb-category\"><a href=\"https:\/\/sofi4agri.com\/en\/kategorija\/novosti\/\" title=\"View all posts in Novosti\">News<\/a><\/span><span class=\"wb-title\"><a href=\"https:\/\/sofi4agri.com\/en\/sporazum-o-suradnji-grad-krizevci-vuk-i-uez\/\">Sporazum o suradnji: Grad Kri\u017eevci, VUK i UEZ<\/a><\/span><span class=\"wb-author\">Aida Vatre\u0161<\/span><span class=\"wb-date\">2025\/02\/28<\/span><\/div><\/div><div class=\"wb-columns-2\"><div class=\"wbcom-essential-posts-revolution-elementor-thumbs-container\"><img decoding=\"async\" class=\"wb-megaposts-thumbs\" src=\"https:\/\/sofi4agri.com\/wp-content\/uploads\/2025\/02\/27-800x500.jpg\" alt=\"Dodjela certifikata polaznicima Zelenog obrazovnog programa\"><\/div><div class=\"wb-info-left\"><span class=\"wb-category\"><a href=\"https:\/\/sofi4agri.com\/en\/kategorija\/novosti\/\" title=\"View all posts in Novosti\">News<\/a><\/span><span class=\"wb-title\"><a href=\"https:\/\/sofi4agri.com\/en\/dodjela-certifikata-polaznicima-zelenog-obrazovnog-programa\/\">Dodjela certifikata polaznicima Zelenog obrazovnog programa<\/a><\/span><span class=\"wb-author\">Aida Vatre\u0161<\/span><span class=\"wb-date\">2025\/02\/24<\/span><\/div><\/div><br class=\"wbclear\"><div class=\"wb-columns-2\"><div class=\"wbcom-essential-posts-revolution-elementor-thumbs-container\"><img decoding=\"async\" class=\"wb-megaposts-thumbs\" src=\"https:\/\/sofi4agri.com\/wp-content\/uploads\/2025\/02\/1-800x500.jpg\" alt=\"Travnik na putu prema odr\u017eivoj poljoprivredi: SOFI projekt ulazi u zavr\u0161nu fazu\"><\/div><div class=\"wb-info-left\"><span class=\"wb-category\"><a href=\"https:\/\/sofi4agri.com\/en\/kategorija\/novosti\/\" title=\"View all posts in Novosti\">News<\/a><\/span><span class=\"wb-title\"><a href=\"https:\/\/sofi4agri.com\/en\/travnik-na-putu-prema-odrzivoj-poljoprivredi-sofi-projekt-ulazi-u-zavrsnu-fazu\/\">Travnik na putu prema odr\u017eivoj poljoprivredi: SOFI projekt ulazi u zavr\u0161nu fazu<\/a><\/span><span class=\"wb-author\">Aida Vatre\u0161<\/span><span class=\"wb-date\">2025\/02\/20<\/span><\/div><\/div><div class=\"wb-columns-2\"><div class=\"wbcom-essential-posts-revolution-elementor-thumbs-container\"><img decoding=\"async\" class=\"wb-megaposts-thumbs\" src=\"https:\/\/sofi4agri.com\/wp-content\/uploads\/2024\/11\/IMG_0634-2048x1365-1-800x500.jpg\" alt=\"Projekat SOFI bli\u017ei se kraju \u2013 posa\u0111eno Drvo prijateljstva\"><\/div><div class=\"wb-info-left\"><span class=\"wb-category\"><a href=\"https:\/\/sofi4agri.com\/en\/kategorija\/novosti\/\" title=\"View all posts in Novosti\">News<\/a><\/span><span class=\"wb-title\"><a href=\"https:\/\/sofi4agri.com\/en\/projekat-sofi-blizi-se-kraju-posadeno-drvo-prijateljstva\/\">The SOFI Project Nears Its End \u2013 Friendship Tree Planted<\/a><\/span><span class=\"wb-author\">Aida Vatre\u0161<\/span><span class=\"wb-date\">2024\/11\/23<\/span><\/div><\/div><br class=\"wbclear\"><div class=\"wb-columns-2\"><div class=\"wbcom-essential-posts-revolution-elementor-thumbs-container\"><img decoding=\"async\" class=\"wb-megaposts-thumbs\" src=\"https:\/\/sofi4agri.com\/wp-content\/uploads\/2024\/11\/download-8-800x500.jpeg\" alt=\"Odr\u017ean okrugli stol: Izazovi i mogu\u0107nosti digitalne i zelene poljoprivrede u ruralnim podru\u010djima\"><\/div><div class=\"wb-info-left\"><span class=\"wb-category\"><a href=\"https:\/\/sofi4agri.com\/en\/kategorija\/novosti\/\" title=\"View all posts in Novosti\">News<\/a><\/span><span class=\"wb-title\"><a href=\"https:\/\/sofi4agri.com\/en\/odrzan-okrugli-stol-izazovi-i-mogucnosti-digitalne-i-zelene-poljoprivrede-u-ruralnim-podrucjima\/\">Roundtable Held: Challenges and Opportunities for Digital and Green Agriculture in Rural Areas<\/a><\/span><span class=\"wb-author\">Aida Vatre\u0161<\/span><span class=\"wb-date\">2024\/11\/23<\/span><\/div><\/div><div class=\"wb-columns-2\"><div class=\"wbcom-essential-posts-revolution-elementor-thumbs-container\"><img decoding=\"async\" class=\"wb-megaposts-thumbs\" src=\"https:\/\/sofi4agri.com\/wp-content\/uploads\/2024\/11\/download.jpeg\" alt=\"Zahvala na zavr\u0161etku konferencije \u201cBUDU\u0106NOST POLJOPRIVREDE: digitalna i zelena rje\u0161enja\u201d\"><\/div><div class=\"wb-info-left\"><span class=\"wb-category\"><a href=\"https:\/\/sofi4agri.com\/en\/kategorija\/novosti\/\" title=\"View all posts in Novosti\">News<\/a><\/span><span class=\"wb-title\"><a href=\"https:\/\/sofi4agri.com\/en\/zahvala-na-zavrsetku-konferencije-buducnost-poljoprivrede-digitalna-i-zelena-rjesenja\/\">Thank You for the Successful Conclusion of the Conference \u201cTHE FUTURE OF AGRICULTURE: Digital and Green Solutions\u201d<\/a><\/span><span class=\"wb-author\">Aida Vatre\u0161<\/span><span class=\"wb-date\">2024\/11\/23<\/span><\/div><\/div><br class=\"wbclear\"><div class=\"wb-columns-2\"><div class=\"wbcom-essential-posts-revolution-elementor-thumbs-container\"><img decoding=\"async\" class=\"wb-megaposts-thumbs\" src=\"https:\/\/sofi4agri.com\/wp-content\/plugins\/wbcom-essential\/plugins\/elementor\/assets\/images\/no-img.png\" alt=\"Mre\u017ea za ruralni razvoj u Bosni i Hercegovini &#8211; MRR u BiH\"><\/div><div class=\"wb-info-left\"><span class=\"wb-category\"><a href=\"https:\/\/sofi4agri.com\/en\/kategorija\/novosti\/\" title=\"View all posts in Novosti\">News<\/a><\/span><span class=\"wb-title\"><a href=\"https:\/\/sofi4agri.com\/en\/mreza-za-ruralni-razvoj-u-bosni-i-hercegovini-mrr-u-bih\/\">Rural Development Network in Bosnia and Herzegovina \u2013 RDN in BiH<\/a><\/span><span class=\"wb-author\">Aida Vatre\u0161<\/span><span class=\"wb-date\">2024\/11\/11<\/span><\/div><\/div><div class=\"wb-columns-2\"><div class=\"wbcom-essential-posts-revolution-elementor-thumbs-container\"><img decoding=\"async\" class=\"wb-megaposts-thumbs\" src=\"https:\/\/sofi4agri.com\/wp-content\/uploads\/2024\/11\/1000010973-800x430.jpg\" alt=\"SOFI U TRAVNIKU\"><\/div><div class=\"wb-info-left\"><span class=\"wb-category\"><a href=\"https:\/\/sofi4agri.com\/en\/kategorija\/novosti\/\" title=\"View all posts in Novosti\">News<\/a><\/span><span class=\"wb-title\"><a href=\"https:\/\/sofi4agri.com\/en\/sofi-u-travniku\/\">SOFI in Travnik<\/a><\/span><span class=\"wb-author\">Aida Vatre\u0161<\/span><span class=\"wb-date\">2024\/11\/08<\/span><\/div><\/div><br class=\"wbclear\"><div class=\"wb-columns-2\"><div class=\"wbcom-essential-posts-revolution-elementor-thumbs-container\"><img decoding=\"async\" class=\"wb-megaposts-thumbs\" src=\"https:\/\/sofi4agri.com\/wp-content\/uploads\/2024\/10\/DSC03515_1-800x500.jpg\" alt=\"Izvje\u0161taj s Eko festivala 2024.\"><\/div><div class=\"wb-info-left\"><span class=\"wb-category\"><a href=\"https:\/\/sofi4agri.com\/en\/kategorija\/novosti\/\" title=\"View all posts in Novosti\">News<\/a><\/span><span class=\"wb-title\"><a href=\"https:\/\/sofi4agri.com\/en\/izvjestaj-s-eko-festivala-2024\/\">Report from the 2024 Eco Festival<\/a><\/span><span class=\"wb-author\">Aida Vatre\u0161<\/span><span class=\"wb-date\">2024\/10\/24<\/span><\/div><\/div><div class=\"wb-columns-2\"><div class=\"wbcom-essential-posts-revolution-elementor-thumbs-container\"><img decoding=\"async\" class=\"wb-megaposts-thumbs\" src=\"https:\/\/sofi4agri.com\/wp-content\/uploads\/2024\/09\/Teaser-POST-FB-3-800x500.png\" alt=\"Eko festival 2024.: odr\u017eivost, zajedni\u0161tvo, budu\u0107nost\"><\/div><div class=\"wb-info-left\"><span class=\"wb-category\"><a href=\"https:\/\/sofi4agri.com\/en\/kategorija\/novosti\/\" title=\"View all posts in Novosti\">News<\/a><\/span><span class=\"wb-title\"><a href=\"https:\/\/sofi4agri.com\/en\/eko-festival-2024-odrzivost-zajednistvo-buducnost\/\">Eco Festival 2024: sustainability, togetherness, future<\/a><\/span><span class=\"wb-author\">admin<\/span><span class=\"wb-date\">2024\/09\/30<\/span><\/div><\/div><br class=\"wbclear\"><div class=\"wbclear\"><\/div><div class=\"wb-post-display-1 wb-pagination\"><div class='wb-pagination numeric'><span class='current'>1<\/span><a href='https:\/\/sofi4agri.com\/en\/wp-json\/wp\/v2\/pages\/206\/page\/2\/' class='inactive' >2<\/a><\/div>\n<\/div><\/div>\t\t\t\t<\/div>\n\t\t\t\t<\/div>\n\t\t\t\t\t<\/div>\n\t\t\t\t<\/div>\n\t\t\t\t<\/div>","protected":false},"excerpt":{"rendered":"<p>NovostiProjekat SOFI bli\u017ei se kraju \u2013 posa\u0111eno Drvo prijateljstvaAida Vatre\u01612024\/11\/23NovostiOdr\u017ean okrugli stol: Izazovi i mogu\u0107nosti digitalne i zelene poljoprivrede u ruralnim podru\u010djimaAida Vatre\u01612024\/11\/23NovostiZahvala na zavr\u0161etku konferencije \u201cBUDU\u0106NOST POLJOPRIVREDE: digitalna i zelena rje\u0161enja\u201dAida Vatre\u01612024\/11\/23NovostiMre\u017ea za ruralni razvoj u Bosni i Hercegovini &#8211; MRR u BiHAida Vatre\u01612024\/11\/11NovostiSOFI U TRAVNIKUAida Vatre\u01612024\/11\/08NovostiIzvje\u0161taj s Eko festivala 2024.Aida Vatre\u01612024\/10\/24NovostiEko festival 2024.: [&hellip;]<\/p>","protected":false},"author":1,"featured_media":0,"parent":0,"menu_order":0,"comment_status":"closed","ping_status":"closed","template":"","meta":{"footnotes":""},"class_list":["post-206","page","type-page","status-publish","hentry"],"_links":{"self":[{"href":"https:\/\/sofi4agri.com\/en\/wp-json\/wp\/v2\/pages\/206","targetHints":{"allow":["GET"]}}],"collection":[{"href":"https:\/\/sofi4agri.com\/en\/wp-json\/wp\/v2\/pages"}],"about":[{"href":"https:\/\/sofi4agri.com\/en\/wp-json\/wp\/v2\/types\/page"}],"author":[{"embeddable":true,"href":"https:\/\/sofi4agri.com\/en\/wp-json\/wp\/v2\/users\/1"}],"replies":[{"embeddable":true,"href":"https:\/\/sofi4agri.com\/en\/wp-json\/wp\/v2\/comments?post=206"}],"version-history":[{"count":7,"href":"https:\/\/sofi4agri.com\/en\/wp-json\/wp\/v2\/pages\/206\/revisions"}],"predecessor-version":[{"id":4303,"href":"https:\/\/sofi4agri.com\/en\/wp-json\/wp\/v2\/pages\/206\/revisions\/4303"}],"wp:attachment":[{"href":"https:\/\/sofi4agri.com\/en\/wp-json\/wp\/v2\/media?parent=206"}],"curies":[{"name":"wp","href":"https:\/\/api.w.org\/{rel}","templated":true}]}}