{"id":3,"date":"2024-02-10T20:49:04","date_gmt":"2024-02-10T20:49:04","guid":{"rendered":"https:\/\/sofi4agri.com\/?page_id=3"},"modified":"2024-02-27T20:40:41","modified_gmt":"2024-02-27T20:40:41","slug":"uvjeti-koristenja","status":"publish","type":"page","link":"https:\/\/sofi4agri.com\/en\/uvjeti-koristenja\/","title":{"rendered":"Terms of use"},"content":{"rendered":"<h2 class=\"wp-block-heading\">Pravne napomene i uvjeti kori\u0161tenja<\/h2>\n\n\n\n<p>Informacijski sustav Sofi uva\u017eava privatnost svojih korisnika i predano radi na \u010duvanju istih. Za sve potrebe Op\u0107e uredbe o za\u0161titi osobnih podataka (GDPR &#8211; General Data Protection Regulations) i drugih zakonskih akata RH regulative koje pokriva ovo podru\u010dje voditelj obrade podataka (eng. Data controller) je&nbsp;<strong>Sofi4agri.com<\/strong><\/p>\n\n\n\n<p>Ovom politikom \u017eelimo pojasniti za\u0161to prikupljamo osobne podatke i kako koristimo te informacije. Pojasniti \u0107emo pravnu osnovu i prava korisnika kod istih.<\/p>\n\n\n\n<p>Ovaj dokument poja\u0161njava domenu koju definira <strong>Sofi4agri.com<\/strong> i podatci koje ste nam dali. Napominjemo kako ovaj tekst nije kona\u010dan i redovno se a\u017eurira novim informacijama i spoznajama. Kod svake zna\u010dajnije izmjene ovih uvjeta iste \u0107emo javno komunicirati prema svim korisnicima putem portala i ostalih kanala komunikacije (Buddyboss, Dru\u0161tvene mre\u017ee i sl.). S obzirom da se kori\u0161tenje ovih stranica bazira na ovim uvjetima, molimo Vas da na\u0111ete vremena te ih ponekad iznova pro\u010ditate te uvijek ponovno procijenite sla\u017eete li se s navedenim.<\/p>\n\n\n\n<p>Ukoliko imate bilo kakvih pitanja vezano za ovu definiciju politike privatnosti budite slobodni kontaktirati nas na&nbsp;<a href=\"mailto:info@Sofi4agri.com\">info@<strong>Sofi4agri.com<\/strong><\/a>&nbsp;ili nas posjetite na na\u0161oj adresi.<\/p>\n\n\n\n<h2 class=\"wp-block-heading\">Koje vrste informacija prikupljamo?&nbsp;<\/h2>\n\n\n\n<p>Vrste i koli\u010dine informacija koje prikupljamo ovisne su o svrsi istih.&nbsp;<\/p>\n\n\n\n<p>Kako bi identificirali \u010dlanove i osigurali autenti\u010dnost korisni\u010dkog ra\u010duna na <strong>Sofi4agri.com<\/strong> zahtijevamo ime, prezime, spol, e-mail adresu te kontaktne i adresne podatke korisnika. <\/p>\n\n\n\n<p>U kori\u0161tenju pojedinih servisa sustav daje mogu\u0107nost slanja\/postavljanja dodatnih informacija, a koje su potrebne za funkcioniranje istih. Kori\u0161tenje tih servisa nije obligatno, a rije\u010d je o detaljima proizvoda i usluga pojedinih osoba i poslovnih subjekata.<\/p>\n\n\n\n<p>Prikupljamo i informacije o vremenu kori\u0161tenja kao i IP adrese pristupnih ra\u010dunala, a s ciljem sigurnosti sustava.<\/p>\n\n\n\n<h2 class=\"wp-block-heading\">Kako prikupljamo informacije?<\/h2>\n\n\n\n<p>Informacije o korisnicima prikupljamo u interakciji korisnika s informacijskim sustavom <strong>Sofi4agri.com<\/strong>, bilo da nas kontaktirate ili koristite na\u0161e servise\/usluge:<\/p>\n\n\n\n<ul class=\"wp-block-list\">\n<li>Posjetom Internet stranica (pogledaj Cookies policy)<\/li>\n\n\n\n<li>Upitom za na\u0161e aktivnosti ili usluge<\/li>\n\n\n\n<li>Kreiranjem korisni\u010dkog ra\u010duna<\/li>\n\n\n\n<li>Upisom u bazu proizvo\u0111a\u010da<\/li>\n\n\n\n<li>Postavljanjem sadr\u017eaja na sustav (komentari, oglasi, postovi)<\/li>\n\n\n\n<li>Apliciranjem na na\u0161a doga\u0111aja (konferencije, sastanci i sl.)<\/li>\n\n\n\n<li>Kori\u0161tenjem na\u0161ih servisa na sajmovima<\/li>\n\n\n\n<li>Sudjelovanjem u nagradnim igrama<\/li>\n\n\n\n<li>Kontaktirate nas na bilo koji na\u010din (e-mailom, telefonom, dru\u0161tvenim mre\u017eama, porukama)&nbsp;<\/li>\n<\/ul>\n\n\n\n<h2 class=\"wp-block-heading\">Gdje prikupljamo informacije?<\/h2>\n\n\n\n<p>Informacije prikupljamo na razli\u010dite na\u010dine:<\/p>\n\n\n\n<ul class=\"wp-block-list\">\n<li>Na\u0161i korisnici nam ih daju direktno, kada tra\u017ee informacije, posje\u0107uju na\u0161e doga\u0111aje, sudjeluju na sastancima ili se registriraju na stranicama<\/li>\n\n\n\n<li>Tijekom kori\u0161tenja na\u0161ih stranica bilje\u017ee se i pohranjuju se informacije. Detaljnije mo\u017eete vidjeti u sekciji Cookies policy<\/li>\n\n\n\n<li>Informacije se prikupljaju i od tre\u0107ih strana gdje <strong>Sofi4agri.com<\/strong> provodi aktivnosti. Na dru\u0161tvenim mre\u017eama, a u zavisnosti od Va\u0161ih osobnih postavki na njima, njihovim pravilima. <strong>Sofi4agri.com<\/strong> je prisutan na sljede\u0107im dru\u0161tvenim mre\u017eama: Facebook i Instagram.&nbsp;<\/li>\n<\/ul>\n\n\n\n<h2 class=\"wp-block-heading\">Kako koristimo osobne informacije?<\/h2>\n\n\n\n<p>Prikupljene informacije koristimo na razli\u010dite na\u010dine, po\u0161tuju\u0107i pri tome pravne okvire i pozitivne poslovne standarde. Pri tome mislimo na sljede\u0107e:<\/p>\n\n\n\n<ul class=\"wp-block-list\">\n<li>Pru\u017eamo Vam informacije koje ste zatra\u017eili od nas<\/li>\n\n\n\n<li>\u0160aljemo Vam informacije za koje smatramo da Vam mogu biti korisne i zanimljive, uklju\u010duju\u0107i ponekad i marketin\u0161ke materijale o na\u0161im proizvodima i uslugama<\/li>\n\n\n\n<li>Prou\u010davamo pona\u0161anje korisnika kako bi na\u0161e servise i uslugu u\u010dinili boljom<\/li>\n\n\n\n<li>Odr\u017eavamo na\u0161 sustav i podatke kako bi osigurali najkvalitetniju komunikaciju s Vama, a pri tome vode\u0107i se Va\u0161im preferencijama<\/li>\n\n\n\n<li>Analiziramo pona\u0161anje korisnika u konzumaciji na\u0161eg sadr\u017eaja na internetu kako bi pojedine servise u\u010dinili lak\u0161im za kori\u0161tenje i u\u010dinkovitijim<\/li>\n\n\n\n<li>Na temelju njih razvijamo na\u0161e aplikacije<\/li>\n<\/ul>\n\n\n\n<h2 class=\"wp-block-heading\">Kako brinemo o sigurnosti Va\u0161ih podataka?<\/h2>\n\n\n\n<p>Informacijski sustav <strong>Sofi4agri.com<\/strong> internetska je zajednica koja po\u010diva na \u010dlanovima i svim drugim korisnicima servisa. Iz tog razloga nam je sigurnost podataka na\u0161ih korisnika na prvom mjestu, te u tom smislu kontinuirano brinemo i poduzimamo potrebne radnje kako bi osigurali najve\u0107u razinu.<\/p>\n\n\n\n<p>Podaci su smje\u0161teni u najve\u0107em Data centru u regionalnom komunikacijskom \u010dvori\u0161tu. Serverskom i mre\u017enom infrastrukturom upravljaju IT stru\u010dnjaci koji skrbe i o funkcionalnostima i o sigurnosti. Po\u0161tuju stru\u010dne standarde sigurnosti, integriteta, povjerljivosti i dostupnosti. <\/p>\n\n\n\n<p>Na na\u0161oj Internet stranici postavljen je SSL certifikat (Secure Socket Layer certifikat) kojim se digitalno povezuje kriptografski klju\u010d s podatcima odre\u0111ene organizacije, a slu\u017ei za sigurnost komunikacije izme\u0111u poslu\u017eitelja i klijenta.&nbsp;<\/p>\n\n\n\n<p>Uvijek vodimo ra\u010duna da isklju\u010divo autorizirane osobe imaju pristup Va\u0161im informacijama. Pri tome nagla\u0161avamo kako su te osobe i adekvatno obu\u010dene za upravljanje istima.<\/p>\n\n\n\n<p>Bez obzira \u0161to ula\u017eemo napore i sredstva kako bi komunikacija putem interneta bila 100% sigurna istu ne mo\u017eemo garantirati. Nagla\u0161avamo kako je kori\u0161tenje servisa i podataka na vlastitu odgovornost korisnika, kao i rizici koji proizlaze iz davanja osobnih podataka.&nbsp;<\/p>\n\n\n\n<h2 class=\"wp-block-heading\">Kori\u0161tenje cookiesa<\/h2>\n\n\n\n<p>Internet projekti koriste Cookies (Internet kola\u010di\u0107e) kako bi omogu\u0107ili bolje korisni\u010dko iskustvo. Unutar <strong>Sofi4agri.com<\/strong> naj\u010de\u0161\u0107e ih koristimo kako bi pohranili navike pojedinog korisnika (u male tekstualne datoteke na ra\u010dunalu klijenta). Koristi ih i alat za analizu posjeta Google Analytics koji je integriran u na\u0161e stranice. Vi\u0161e o Internet kola\u010di\u0107ima mo\u017ee\u0161 saznati u posebnoj sekciji na ovim stranicama.<\/p>\n\n\n\n<h2 class=\"wp-block-heading\">Koliko dugo \u010duvamo Va\u0161e podatke?<\/h2>\n\n\n\n<p>Podatke \u010duvamo na za\u0161ti\u0107enim Internet poslu\u017eiteljima dok god je to potrebno za izvr\u0161enje na\u0161e usluge prema Vama. Na\u0161i korisnici samostalno upravljaju korisni\u010dkim ra\u010dunom i u bilo kojem trenutku uz pristupne podatke mogu a\u017eurirati ili obrisati svoj korisni\u010dki ra\u010dun.&nbsp;<\/p>\n\n\n\n<p>Ukoliko Vam prestane potreba za samo nekim servisom isti mo\u017eete isklju\u010diti putem Va\u0161eg korisni\u010dkog profila. Tako\u0111er postoji mogu\u0107nost da Vas ponekad zatra\u017eimo Va\u0161 pristanak za kori\u0161tenje nekih od postoje\u0107ih ili budu\u0107ih usluga.&nbsp;<\/p>\n\n\n\n<p>Ako bilo kada zatra\u017eite od nas da vas prestanemo kontaktirati ili obri\u0161emo iz baze podataka, zadr\u017eati \u0107emo kasnije samo minimalnu koli\u010dinu informacija kako bi zabilje\u017eili doga\u0111aj brisanja i\/ili promjene.&nbsp;<\/p>\n\n\n\n<h1 class=\"wp-block-heading\">Uvjeti kori\u0161tenja stranica<\/h1>\n\n\n\n<p>Kori\u0161tenjem sadr\u017eaja ovih web stranica korisnik prihva\u0107a rizike koji nastaju iz konzmacije sadr\u017eaja ovih web stranica te prihva\u0107a koristiti sadr\u017eaj ovih web stranica isklju\u010divo za osobnu uporabu i na vlastitu odgovornost.<\/p>\n\n\n\n<p><strong>Sofi4agri.com<\/strong> se u potpunosti odri\u010de svake odgovornosti koja na bilo koji na\u010din mo\u017ee nastati iz ili je na bilo koji na\u010din vezana za kori\u0161tenje ovih web stranica, za bilo koje radnje korisnika uporabom ili zlouporabom sadr\u017eaja ovih web stranica te za bilo kakvu \u0161tetu koja mo\u017ee nastati korisniku ili bilo kojoj tre\u0107oj strani u vezi s uporabom ili zlouporabom kori\u0161tenja sadr\u017eaja ovih web stranica.<\/p>\n\n\n\n<p><strong>Sofi4agri.com<\/strong>&nbsp;zadr\u017eava pravo izmjene sadr\u017eaja ovih web stranica te ne\u0107e biti odgovoran ni za kakve mogu\u0107e posljedice proiza\u0161le iz takvih promjena.<\/p>\n\n\n\n<p>Dijelovi sadr\u017eaja&nbsp;nastali su kao produkcija sadr\u017eaja od strane posjetitelja stranica te <strong>Sofi4agri.com<\/strong> ne mo\u017ee odgovarati za eventualno nastalu \u0161tetu uzrokovanu takvim sadr\u017eajem.<\/p>\n\n\n\n<p>Stavovi&nbsp;i&nbsp;mi\u0161ljenja novinara, kolumnista osobni su i ne odra\u017eavaju nu\u017eno&nbsp;stavove redakcije&nbsp;portala. Izjave sugovornika, komentari korisnika objavljeni na portalu ne odra\u017eavaju&nbsp;stav&nbsp;vlasnika i uredni\u0161tva, kao ni drugih korisnika portala.<\/p>\n\n\n\n<h2 class=\"wp-block-heading\">Uvjeti preuzimanja za druge medije<\/h2>\n\n\n\n<p>Sve zainteresirane pravne i fizi\u010dke osobe mogu&nbsp;koristiti tekstualne sadr\u017eaje <strong>Sofi4agri.com<\/strong> uz po\u0161tivanje sljede\u0107eg:<\/p>\n\n\n\n<ul class=\"wp-block-list\">\n<li>u prve tri re\u010denice teksta navesti izvor <strong>Sofi4agri.com<\/strong> te postaviti poveznicu na originalni tekst;<\/li>\n\n\n\n<li>na kraju preuzetog teksta navesti ime i prezime autora originalnog sadr\u017eaja;<\/li>\n\n\n\n<li>dozvoljeno je preuzmanje do 50 posto&nbsp;originalnog sadr\u017eaja, do&nbsp;jednog teksta tjedno<\/li>\n<\/ul>\n\n\n\n<p><\/p>","protected":false},"excerpt":{"rendered":"<p>Pravne napomene i uvjeti kori\u0161tenja Informacijski sustav Sofi uva\u017eava privatnost svojih korisnika i predano radi na \u010duvanju istih. Za sve potrebe Op\u0107e uredbe o za\u0161titi osobnih podataka (GDPR &#8211; General Data Protection Regulations) i drugih zakonskih akata RH regulative koje pokriva ovo podru\u010dje voditelj obrade podataka (eng. Data controller) je&nbsp;Sofi4agri.com Ovom politikom \u017eelimo pojasniti za\u0161to [&hellip;]<\/p>","protected":false},"author":1,"featured_media":0,"parent":0,"menu_order":0,"comment_status":"closed","ping_status":"closed","template":"","meta":{"footnotes":""},"class_list":["post-3","page","type-page","status-publish","hentry"],"_links":{"self":[{"href":"https:\/\/sofi4agri.com\/en\/wp-json\/wp\/v2\/pages\/3","targetHints":{"allow":["GET"]}}],"collection":[{"href":"https:\/\/sofi4agri.com\/en\/wp-json\/wp\/v2\/pages"}],"about":[{"href":"https:\/\/sofi4agri.com\/en\/wp-json\/wp\/v2\/types\/page"}],"author":[{"embeddable":true,"href":"https:\/\/sofi4agri.com\/en\/wp-json\/wp\/v2\/users\/1"}],"replies":[{"embeddable":true,"href":"https:\/\/sofi4agri.com\/en\/wp-json\/wp\/v2\/comments?post=3"}],"version-history":[{"count":3,"href":"https:\/\/sofi4agri.com\/en\/wp-json\/wp\/v2\/pages\/3\/revisions"}],"predecessor-version":[{"id":2707,"href":"https:\/\/sofi4agri.com\/en\/wp-json\/wp\/v2\/pages\/3\/revisions\/2707"}],"wp:attachment":[{"href":"https:\/\/sofi4agri.com\/en\/wp-json\/wp\/v2\/media?parent=3"}],"curies":[{"name":"wp","href":"https:\/\/api.w.org\/{rel}","templated":true}]}}