{"id":3248,"date":"2024-03-14T07:10:37","date_gmt":"2024-03-14T07:10:37","guid":{"rendered":"https:\/\/sofi4agri.com\/?page_id=3248"},"modified":"2025-01-24T17:11:10","modified_gmt":"2025-01-24T17:11:10","slug":"aktivnosti","status":"publish","type":"page","link":"https:\/\/sofi4agri.com\/en\/aktivnosti\/","title":{"rendered":"Activities"},"content":{"rendered":"<div data-elementor-type=\"wp-page\" data-elementor-id=\"3248\" class=\"elementor elementor-3248\">\n\t\t\t\t<div class=\"elementor-element elementor-element-43878e7 e-flex e-con-boxed e-con e-parent\" data-id=\"43878e7\" data-element_type=\"container\" data-e-type=\"container\">\n\t\t\t\t\t<div class=\"e-con-inner\">\n\t\t\t\t<div class=\"elementor-element elementor-element-6c56337 elementor-widget elementor-widget-wbcom-posts-revolution\" data-id=\"6c56337\" data-element_type=\"widget\" data-e-type=\"widget\" data-widget_type=\"wbcom-posts-revolution.default\">\n\t\t\t\t<div class=\"elementor-widget-container\">\n\t\t\t\t\t<style type=\"text\/css\"><\/style><div class=\"wbclear\"><\/div><div class=\"wbcom-essential-posts-revolution-elementor posts_type3 wbselector-1\"><div class=\"wb-columns-2\"><div class=\"wbcom-essential-posts-revolution-elementor-thumbs-container\"><img decoding=\"async\" class=\"wb-megaposts-thumbs\" src=\"https:\/\/sofi4agri.com\/wp-content\/uploads\/2024\/03\/konferencija-slika-800x500.jpg\" alt=\"Konferencija &#8220;Budi dio Zelenog obrazovnog programa&#8221; u Kri\u017eevcima\"><\/div><div class=\"wb-info-left\"><span class=\"wb-category\"><a href=\"https:\/\/sofi4agri.com\/en\/kategorija\/aktivnosti\/\" title=\"View all posts in Aktivnosti\">Activities<\/a><\/span><span class=\"wb-title\"><a href=\"https:\/\/sofi4agri.com\/en\/konferencija-budi-dio-zelenog-obrazovnog-programa-u-krizevcima\/\">Conference \"Be a part of the Green Education Program\" in Kri\u017eevci<\/a><\/span><span class=\"wb-author\">Ognjen Gaji\u0107<\/span><span class=\"wb-date\">2024\/03\/19<\/span><\/div><\/div><div class=\"wb-columns-2\"><div class=\"wbcom-essential-posts-revolution-elementor-thumbs-container\"><img decoding=\"async\" class=\"wb-megaposts-thumbs\" src=\"https:\/\/sofi4agri.com\/wp-content\/uploads\/2024\/03\/advan-akeljic-15.02.2024-800x500.jpg\" alt=\"Posjet ministarstvu poljoprivrede, vodoprivrede i \u0161umarstva SBK\/KSB\"><\/div><div class=\"wb-info-left\"><span class=\"wb-category\"><a href=\"https:\/\/sofi4agri.com\/en\/kategorija\/aktivnosti\/\" title=\"View all posts in Aktivnosti\">Activities<\/a><\/span><span class=\"wb-title\"><a href=\"https:\/\/sofi4agri.com\/en\/posjet-ministarstvu-poljoprivrede-vodoprivrede-i-sumarstva-sbk-ksb\/\">Visit to the Ministry of Agriculture, Water Management, and Forestry of SBK\/KSB<\/a><\/span><span class=\"wb-author\">Ognjen Gaji\u0107<\/span><span class=\"wb-date\">2024\/02\/15<\/span><\/div><\/div><br class=\"wbclear\"><div class=\"wb-columns-2\"><div class=\"wbcom-essential-posts-revolution-elementor-thumbs-container\"><img decoding=\"async\" class=\"wb-megaposts-thumbs\" src=\"https:\/\/sofi4agri.com\/wp-content\/uploads\/2024\/03\/Cener-21-06.02.2024-800x500.jpg\" alt=\"Radionica &#8220;Prijenos iskustava Republike Hrvatske u razvoju i implementaciji klimatskih politika uskla\u0111enih sa EU pravnim ste\u010devinama&#8221;\"><\/div><div class=\"wb-info-left\"><span class=\"wb-category\"><a href=\"https:\/\/sofi4agri.com\/en\/kategorija\/aktivnosti\/\" title=\"View all posts in Aktivnosti\">Activities<\/a>, <a href=\"https:\/\/sofi4agri.com\/en\/kategorija\/aktivnosti\/konferencije\/\" title=\"View all posts in Konferencije\">Konferencije<\/a><\/span><span class=\"wb-title\"><a href=\"https:\/\/sofi4agri.com\/en\/radionica-prijenos-iskustava-republike-hrvatske-u-razvoju-i-implementaciji-klimatskih-politika-uskladenih-sa-eu-pravnim-stecevinama\/\">Workshop: \u201cTransfer of the Republic of Croatia\u2019s Experiences in the Development and Implementation of Climate Policies Aligned with EU Acquis\u201d<\/a><\/span><span class=\"wb-author\">Ognjen Gaji\u0107<\/span><span class=\"wb-date\">2024\/02\/06<\/span><\/div><\/div><div class=\"wb-columns-2\"><div class=\"wbcom-essential-posts-revolution-elementor-thumbs-container\"><img decoding=\"async\" class=\"wb-megaposts-thumbs\" src=\"https:\/\/sofi4agri.com\/wp-content\/uploads\/2024\/03\/Fazos-27.11.2023-800x500.jpg\" alt=\"Posjet me\u0111unarodnom stru\u010dnom skupu &#8220;INOVACIJE I AGROBIZNIS: Izazovi do 2030&#8221;\"><\/div><div class=\"wb-info-left\"><span class=\"wb-category\"><a href=\"https:\/\/sofi4agri.com\/en\/kategorija\/aktivnosti\/\" title=\"View all posts in Aktivnosti\">Activities<\/a><\/span><span class=\"wb-title\"><a href=\"https:\/\/sofi4agri.com\/en\/posjet-medunarodnom-strucnom-skupu-inovacije-i-agrobiznis-izazovi-do-2030\/\">Posjet me\u0111unarodnom stru\u010dnom skupu &#8220;INOVACIJE I AGROBIZNIS: Izazovi do 2030&#8221;<\/a><\/span><span class=\"wb-author\">Ognjen Gaji\u0107<\/span><span class=\"wb-date\">2023\/11\/27<\/span><\/div><\/div><br class=\"wbclear\"><div class=\"wb-columns-2\"><div class=\"wbcom-essential-posts-revolution-elementor-thumbs-container\"><img decoding=\"async\" class=\"wb-megaposts-thumbs\" src=\"https:\/\/sofi4agri.com\/wp-content\/uploads\/2024\/03\/Veleuciliste-u-Krizevcima-20.11.2023-800x500.jpg\" alt=\"Posjet i radionice u sklopu projekta SOFI u Kri\u017eevcima\"><\/div><div class=\"wb-info-left\"><span class=\"wb-category\"><a href=\"https:\/\/sofi4agri.com\/en\/kategorija\/aktivnosti\/radni-sastanci\/\" title=\"View all posts in Radni sastanci\">Radni sastanci<\/a><\/span><span class=\"wb-title\"><a href=\"https:\/\/sofi4agri.com\/en\/posjet-i-radionice-u-sklopu-projekta-sofi-u-krizevcima\/\">Posjet i radionice u sklopu projekta SOFI u Kri\u017eevcima<\/a><\/span><span class=\"wb-author\">Ognjen Gaji\u0107<\/span><span class=\"wb-date\">2023\/11\/20<\/span><\/div><\/div><div class=\"wb-columns-2\"><div class=\"wbcom-essential-posts-revolution-elementor-thumbs-container\"><img decoding=\"async\" class=\"wb-megaposts-thumbs\" src=\"https:\/\/sofi4agri.com\/wp-content\/uploads\/2024\/03\/17.11.-Krizevci-travnik-posjeta-800x500.jpg\" alt=\"Posjet na\u010delniku Grada Kri\u017eevaca u sklopu projekta SOFI\"><\/div><div class=\"wb-info-left\"><span class=\"wb-category\"><a href=\"https:\/\/sofi4agri.com\/en\/kategorija\/aktivnosti\/\" title=\"View all posts in Aktivnosti\">Activities<\/a>, <a href=\"https:\/\/sofi4agri.com\/en\/kategorija\/aktivnosti\/radni-sastanci\/\" title=\"View all posts in Radni sastanci\">Radni sastanci<\/a><\/span><span class=\"wb-title\"><a href=\"https:\/\/sofi4agri.com\/en\/posjet-nacelniku-grada-krizevaca-u-sklopu-projekta-sofi\/\">Posjet na\u010delniku Grada Kri\u017eevaca u sklopu projekta SOFI<\/a><\/span><span class=\"wb-author\">Ognjen Gaji\u0107<\/span><span class=\"wb-date\">2023\/11\/20<\/span><\/div><\/div><br class=\"wbclear\"><div class=\"wb-columns-2\"><div class=\"wbcom-essential-posts-revolution-elementor-thumbs-container\"><img decoding=\"async\" class=\"wb-megaposts-thumbs\" src=\"https:\/\/sofi4agri.com\/wp-content\/uploads\/2024\/03\/albanija-25.09-800x500.jpg\" alt=\"EUKI Western Balkan Networking Conference u Albaniji\"><\/div><div class=\"wb-info-left\"><span class=\"wb-category\"><a href=\"https:\/\/sofi4agri.com\/en\/kategorija\/aktivnosti\/\" title=\"View all posts in Aktivnosti\">Activities<\/a>, <a href=\"https:\/\/sofi4agri.com\/en\/kategorija\/aktivnosti\/konferencije\/\" title=\"View all posts in Konferencije\">Konferencije<\/a><\/span><span class=\"wb-title\"><a href=\"https:\/\/sofi4agri.com\/en\/euki-western-balkan-networking-conference-u-albaniji\/\">EUKI Western Balkan Networking Conference u Albaniji<\/a><\/span><span class=\"wb-author\">Ognjen Gaji\u0107<\/span><span class=\"wb-date\">2023\/09\/28<\/span><\/div><\/div><div class=\"wb-columns-2\"><div class=\"wbcom-essential-posts-revolution-elementor-thumbs-container\"><img decoding=\"async\" class=\"wb-megaposts-thumbs\" src=\"https:\/\/sofi4agri.com\/wp-content\/uploads\/2024\/03\/Eko-festival-17.09.2023-2-800x500.jpg\" alt=\"EKO Festival u Kri\u017eevcima\"><\/div><div class=\"wb-info-left\"><span class=\"wb-category\"><a href=\"https:\/\/sofi4agri.com\/en\/kategorija\/aktivnosti\/\" title=\"View all posts in Aktivnosti\">Activities<\/a>, <a href=\"https:\/\/sofi4agri.com\/en\/kategorija\/aktivnosti\/eko-festival\/\" title=\"View all posts in Eko festival\">Eko festival<\/a><\/span><span class=\"wb-title\"><a href=\"https:\/\/sofi4agri.com\/en\/eko-festival-u-krizevcima\/\">EKO Festival u Kri\u017eevcima<\/a><\/span><span class=\"wb-author\">Ognjen Gaji\u0107<\/span><span class=\"wb-date\">2023\/09\/18<\/span><\/div><\/div><br class=\"wbclear\"><div class=\"wb-columns-2\"><div class=\"wbcom-essential-posts-revolution-elementor-thumbs-container\"><img decoding=\"async\" class=\"wb-megaposts-thumbs\" src=\"https:\/\/sofi4agri.com\/wp-content\/uploads\/2024\/03\/radionica-07.07.2023-800x500.jpg\" alt=\"SOFI radionica u Sredi\u0161tu za cjelo\u017eivotno u\u010denje\"><\/div><div class=\"wb-info-left\"><span class=\"wb-category\"><a href=\"https:\/\/sofi4agri.com\/en\/kategorija\/aktivnosti\/\" title=\"View all posts in Aktivnosti\">Activities<\/a>, <a href=\"https:\/\/sofi4agri.com\/en\/kategorija\/aktivnosti\/radni-sastanci\/\" title=\"View all posts in Radni sastanci\">Radni sastanci<\/a><\/span><span class=\"wb-title\"><a href=\"https:\/\/sofi4agri.com\/en\/sofi-radionica-u-sredistu-za-cjelozivotno-ucenje\/\">SOFI radionica u Sredi\u0161tu za cjelo\u017eivotno u\u010denje<\/a><\/span><span class=\"wb-author\">Ognjen Gaji\u0107<\/span><span class=\"wb-date\">2023\/07\/12<\/span><\/div><\/div><div class=\"wb-columns-2\"><div class=\"wbcom-essential-posts-revolution-elementor-thumbs-container\"><img decoding=\"async\" class=\"wb-megaposts-thumbs\" src=\"https:\/\/sofi4agri.com\/wp-content\/uploads\/2024\/03\/20230612_113225-800x500.jpg\" alt=\"SOFI \u2013 studijsko putovanje u Njema\u010dku i Nizozemsku\"><\/div><div class=\"wb-info-left\"><span class=\"wb-category\"><a href=\"https:\/\/sofi4agri.com\/en\/kategorija\/aktivnosti\/\" title=\"View all posts in Aktivnosti\">Activities<\/a><\/span><span class=\"wb-title\"><a href=\"https:\/\/sofi4agri.com\/en\/sofi-studijsko-putovanje-u-njemacku-i-nizozemsku\/\">SOFI \u2013 studijsko putovanje u Njema\u010dku i Nizozemsku<\/a><\/span><span class=\"wb-author\">admin<\/span><span class=\"wb-date\">2023\/07\/10<\/span><\/div><\/div><br class=\"wbclear\"><div class=\"wbclear\"><\/div><div class=\"wb-post-display-1 wb-pagination\"><div class='wb-pagination numeric'><span class='current'>1<\/span><a href='https:\/\/sofi4agri.com\/en\/wp-json\/wp\/v2\/pages\/3248\/page\/2\/' class='inactive' >2<\/a><a href='https:\/\/sofi4agri.com\/en\/wp-json\/wp\/v2\/pages\/3248\/page\/3\/' class='inactive' >3<\/a><\/div>\n<\/div><\/div>\t\t\t\t<\/div>\n\t\t\t\t<\/div>\n\t\t\t\t\t<\/div>\n\t\t\t\t<\/div>\n\t\t\t\t<\/div>","protected":false},"excerpt":{"rendered":"<p>AktivnostiKonferencija &#8220;Budi dio Zelenog obrazovnog programa&#8221; u Kri\u017eevcimaOgnjen Gaji\u01072024\/03\/19AktivnostiPosjet ministarstvu poljoprivrede, vodoprivrede i \u0161umarstva SBK\/KSBOgnjen Gaji\u01072024\/02\/15Aktivnosti, KonferencijeRadionica &#8220;Prijenos iskustava Republike Hrvatske u razvoju i implementaciji klimatskih politika uskla\u0111enih sa EU pravnim ste\u010devinama&#8221;Ognjen Gaji\u01072024\/02\/06AktivnostiPosjet me\u0111unarodnom stru\u010dnom skupu &#8220;INOVACIJE I AGROBIZNIS: Izazovi do 2030&#8221;Ognjen Gaji\u01072023\/11\/27Radni sastanciPosjet i radionice u sklopu projekta SOFI u Kri\u017eevcimaOgnjen Gaji\u01072023\/11\/20Aktivnosti, Radni sastanciPosjet [&hellip;]<\/p>","protected":false},"author":1,"featured_media":0,"parent":0,"menu_order":0,"comment_status":"open","ping_status":"closed","template":"","meta":{"footnotes":""},"class_list":["post-3248","page","type-page","status-publish","hentry"],"_links":{"self":[{"href":"https:\/\/sofi4agri.com\/en\/wp-json\/wp\/v2\/pages\/3248","targetHints":{"allow":["GET"]}}],"collection":[{"href":"https:\/\/sofi4agri.com\/en\/wp-json\/wp\/v2\/pages"}],"about":[{"href":"https:\/\/sofi4agri.com\/en\/wp-json\/wp\/v2\/types\/page"}],"author":[{"embeddable":true,"href":"https:\/\/sofi4agri.com\/en\/wp-json\/wp\/v2\/users\/1"}],"replies":[{"embeddable":true,"href":"https:\/\/sofi4agri.com\/en\/wp-json\/wp\/v2\/comments?post=3248"}],"version-history":[{"count":10,"href":"https:\/\/sofi4agri.com\/en\/wp-json\/wp\/v2\/pages\/3248\/revisions"}],"predecessor-version":[{"id":4306,"href":"https:\/\/sofi4agri.com\/en\/wp-json\/wp\/v2\/pages\/3248\/revisions\/4306"}],"wp:attachment":[{"href":"https:\/\/sofi4agri.com\/en\/wp-json\/wp\/v2\/media?parent=3248"}],"curies":[{"name":"wp","href":"https:\/\/api.w.org\/{rel}","templated":true}]}}