{"id":4037,"date":"2024-11-21T14:36:43","date_gmt":"2024-11-21T14:36:43","guid":{"rendered":"https:\/\/sofi4agri.com\/?page_id=4037"},"modified":"2024-11-21T20:39:34","modified_gmt":"2024-11-21T20:39:34","slug":"sofi-video","status":"publish","type":"page","link":"https:\/\/sofi4agri.com\/en\/sofi-video\/","title":{"rendered":"SOFI Videos"},"content":{"rendered":"<div data-elementor-type=\"wp-page\" data-elementor-id=\"4037\" class=\"elementor elementor-4037\">\n\t\t\t\t<div class=\"elementor-element elementor-element-074f107 e-flex e-con-boxed e-con e-parent\" data-id=\"074f107\" data-element_type=\"container\" data-e-type=\"container\">\n\t\t\t\t\t<div class=\"e-con-inner\">\n\t\t\t\t<div class=\"elementor-element elementor-element-1bf7727 elementor-widget elementor-widget-wbcom-posts-revolution\" data-id=\"1bf7727\" data-element_type=\"widget\" data-e-type=\"widget\" data-widget_type=\"wbcom-posts-revolution.default\">\n\t\t\t\t<div class=\"elementor-widget-container\">\n\t\t\t\t\t<style type=\"text\/css\"><\/style><div class=\"wbclear\"><\/div><div class=\"wbcom-essential-posts-revolution-elementor posts_type3 wbselector-1\"><div class=\"wb-columns-2\"><div class=\"wbcom-essential-posts-revolution-elementor-thumbs-container\"><img decoding=\"async\" class=\"wb-megaposts-thumbs\" src=\"https:\/\/sofi4agri.com\/wp-content\/uploads\/2024\/11\/video-14-800x500.jpg\" alt=\"EKO Festival 2024.\"><\/div><div class=\"wb-info-left\"><span class=\"wb-category\"><a href=\"https:\/\/sofi4agri.com\/en\/kategorija\/sofi-video\/\" title=\"View all posts in SOFI Video\">SOFI Videos<\/a><\/span><span class=\"wb-title\"><a href=\"https:\/\/sofi4agri.com\/en\/eko-festival-2024\/\">ECO Festival 2024.<\/a><\/span><span class=\"wb-author\">admin<\/span><span class=\"wb-date\">2024\/11\/21<\/span><\/div><\/div><div class=\"wb-columns-2\"><div class=\"wbcom-essential-posts-revolution-elementor-thumbs-container\"><img decoding=\"async\" class=\"wb-megaposts-thumbs\" src=\"https:\/\/sofi4agri.com\/wp-content\/uploads\/2024\/11\/video-1-800x500.jpg\" alt=\"Pametna ekolo\u0161ka poljoprivreda za odr\u017eiviju proizvodnju i zdraviju prehranu\"><\/div><div class=\"wb-info-left\"><span class=\"wb-category\"><a href=\"https:\/\/sofi4agri.com\/en\/kategorija\/sofi-video\/\" title=\"View all posts in SOFI Video\">SOFI Videos<\/a><\/span><span class=\"wb-title\"><a href=\"https:\/\/sofi4agri.com\/en\/pametna-ekoloska-poljoprivreda-za-odrziviju-proizvodnju-i-zdraviju-prehranu\/\">Smart ecological agriculture for more sustainable production and healthier nutrition<\/a><\/span><span class=\"wb-author\">admin<\/span><span class=\"wb-date\">2024\/11\/21<\/span><\/div><\/div><br class=\"wbclear\"><div class=\"wb-columns-2\"><div class=\"wbcom-essential-posts-revolution-elementor-thumbs-container\"><img decoding=\"async\" class=\"wb-megaposts-thumbs\" src=\"https:\/\/sofi4agri.com\/wp-content\/uploads\/2024\/11\/video-2-800x500.jpg\" alt=\"Inicijativa za ekolo\u0161ku pametnu poljoprivredu na prigorskom radiju u emisji &#8220;Misli zeleno&#8221;\"><\/div><div class=\"wb-info-left\"><span class=\"wb-category\"><a href=\"https:\/\/sofi4agri.com\/en\/kategorija\/sofi-video\/\" title=\"View all posts in SOFI Video\">SOFI Videos<\/a><\/span><span class=\"wb-title\"><a href=\"https:\/\/sofi4agri.com\/en\/inicijativa-za-ekolosku-pametnu-poljoprivredu-na-prigorskom-radiju-u-emisji-misli-zeleno\/\">Initiative for ecological smart agriculture on Prigorje radio in the program \"Think Green\"<\/a><\/span><span class=\"wb-author\">admin<\/span><span class=\"wb-date\">2024\/11\/21<\/span><\/div><\/div><div class=\"wb-columns-2\"><div class=\"wbcom-essential-posts-revolution-elementor-thumbs-container\"><img decoding=\"async\" class=\"wb-megaposts-thumbs\" src=\"https:\/\/sofi4agri.com\/wp-content\/uploads\/2024\/11\/Video-3-800x500.jpg\" alt=\"Konferencija Klimatski akcijski plan za poljoprivredu\"><\/div><div class=\"wb-info-left\"><span class=\"wb-category\"><a href=\"https:\/\/sofi4agri.com\/en\/kategorija\/sofi-video\/\" title=\"View all posts in SOFI Video\">SOFI Videos<\/a><\/span><span class=\"wb-title\"><a href=\"https:\/\/sofi4agri.com\/en\/konferencija-klimatski-akcijski-plan-za-poljoprivredu\/\">Conference Climate action plan for agriculture<\/a><\/span><span class=\"wb-author\">admin<\/span><span class=\"wb-date\">2024\/11\/21<\/span><\/div><\/div><br class=\"wbclear\"><div class=\"wb-columns-2\"><div class=\"wbcom-essential-posts-revolution-elementor-thumbs-container\"><img decoding=\"async\" class=\"wb-megaposts-thumbs\" src=\"https:\/\/sofi4agri.com\/wp-content\/uploads\/2024\/11\/Video-4-800x500.jpg\" alt=\"Utjecaj poljoprivrede na klimatske promjene (prof. dr. sc. Ivica Kisi\u0107, dekan, Sveu\u010dili\u0161te u Zagrebu Agronomski fakultet)\"><\/div><div class=\"wb-info-left\"><span class=\"wb-category\"><a href=\"https:\/\/sofi4agri.com\/en\/kategorija\/sofi-video\/\" title=\"View all posts in SOFI Video\">SOFI Videos<\/a><\/span><span class=\"wb-title\"><a href=\"https:\/\/sofi4agri.com\/en\/utjecaj-poljoprivrede-na-klimatske-promjene-prof-dr-sc-ivica-kisic-dekan-sveuciliste-u-zagrebu-agronomski-fakultet\/\">The impact of agriculture on climate change (Prof. Dr. Ivica Kisi\u0107, Dean, University of Zagreb, Faculty of Agriculture)<\/a><\/span><span class=\"wb-author\">admin<\/span><span class=\"wb-date\">2024\/11\/21<\/span><\/div><\/div><div class=\"wb-columns-2\"><div class=\"wbcom-essential-posts-revolution-elementor-thumbs-container\"><img decoding=\"async\" class=\"wb-megaposts-thumbs\" src=\"https:\/\/sofi4agri.com\/wp-content\/uploads\/2024\/11\/video-5-800x500.webp\" alt=\"SOFI konferencija i najava Eko festivala 2023\"><\/div><div class=\"wb-info-left\"><span class=\"wb-category\"><a href=\"https:\/\/sofi4agri.com\/en\/kategorija\/sofi-video\/\" title=\"View all posts in SOFI Video\">SOFI Videos<\/a><\/span><span class=\"wb-title\"><a href=\"https:\/\/sofi4agri.com\/en\/sofi-konferencija-i-najava-eko-festivala-2023\/\">SOFI conference and announcement of the Eco Festival 2023<\/a><\/span><span class=\"wb-author\">admin<\/span><span class=\"wb-date\">2024\/11\/21<\/span><\/div><\/div><br class=\"wbclear\"><div class=\"wb-columns-2\"><div class=\"wbcom-essential-posts-revolution-elementor-thumbs-container\"><img decoding=\"async\" class=\"wb-megaposts-thumbs\" src=\"https:\/\/sofi4agri.com\/wp-content\/uploads\/2024\/11\/video-6-800x500.jpg\" alt=\"Eko festival 2023 &#8211; predavanja i paneli\"><\/div><div class=\"wb-info-left\"><span class=\"wb-category\"><a href=\"https:\/\/sofi4agri.com\/en\/kategorija\/sofi-video\/\" title=\"View all posts in SOFI Video\">SOFI Videos<\/a><\/span><span class=\"wb-title\"><a href=\"https:\/\/sofi4agri.com\/en\/eko-festival-2023-predavanja-i-paneli\/\">Eco Festival 2023 \u2013 lectures and panels<\/a><\/span><span class=\"wb-author\">admin<\/span><span class=\"wb-date\">2024\/11\/21<\/span><\/div><\/div><div class=\"wb-columns-2\"><div class=\"wbcom-essential-posts-revolution-elementor-thumbs-container\"><img decoding=\"async\" class=\"wb-megaposts-thumbs\" src=\"https:\/\/sofi4agri.com\/wp-content\/uploads\/2024\/11\/video-6-800x500.jpg\" alt=\"Sada\u0161njost i budu\u0107nost poljoprivrede &#8211; mo\u017eemo li \u0161to nau\u010diti iz Biblije?\"><\/div><div class=\"wb-info-left\"><span class=\"wb-category\"><a href=\"https:\/\/sofi4agri.com\/en\/kategorija\/sofi-video\/\" title=\"View all posts in SOFI Video\">SOFI Videos<\/a><\/span><span class=\"wb-title\"><a href=\"https:\/\/sofi4agri.com\/en\/sadasnjost-i-buducnost-poljoprivrede-mozemo-li-sto-nauciti-iz-biblije\/\">The present and future of agriculture \u2013 can we learn anything from the Bible?<\/a><\/span><span class=\"wb-author\">admin<\/span><span class=\"wb-date\">2024\/11\/21<\/span><\/div><\/div><br class=\"wbclear\"><div class=\"wb-columns-2\"><div class=\"wbcom-essential-posts-revolution-elementor-thumbs-container\"><img decoding=\"async\" class=\"wb-megaposts-thumbs\" src=\"https:\/\/sofi4agri.com\/wp-content\/uploads\/2024\/11\/video-7-800x500.webp\" alt=\"O Eko Festivalu 2023 &#8211; odr\u017eivost, zajedni\u0161tvo, budu\u0107nost\"><\/div><div class=\"wb-info-left\"><span class=\"wb-category\"><a href=\"https:\/\/sofi4agri.com\/en\/kategorija\/sofi-video\/\" title=\"View all posts in SOFI Video\">SOFI Videos<\/a><\/span><span class=\"wb-title\"><a href=\"https:\/\/sofi4agri.com\/en\/o-eko-festivalu-2023-odrzivost-zajednistvo-buducnost\/\">About the Eco Festival 2023 \u2013 sustainability, togetherness, future<\/a><\/span><span class=\"wb-author\">admin<\/span><span class=\"wb-date\">2024\/11\/21<\/span><\/div><\/div><div class=\"wb-columns-2\"><div class=\"wbcom-essential-posts-revolution-elementor-thumbs-container\"><img decoding=\"async\" class=\"wb-megaposts-thumbs\" src=\"https:\/\/sofi4agri.com\/wp-content\/uploads\/2024\/11\/video-9-800x500.jpg\" alt=\"Zeleni obrazovni program: konferencija, cjelo\u017eivotno obrazovanje, web platforma sofi4agri.com\"><\/div><div class=\"wb-info-left\"><span class=\"wb-category\"><a href=\"https:\/\/sofi4agri.com\/en\/kategorija\/sofi-video\/\" title=\"View all posts in SOFI Video\">SOFI Videos<\/a><\/span><span class=\"wb-title\"><a href=\"https:\/\/sofi4agri.com\/en\/zeleni-obrazovni-program-konferencija-cjelozivotno-obrazovanje-web-platforma-sofi4agri-com\/\">Green education program: conference, lifelong learning, web platform sofi4agri.com<\/a><\/span><span class=\"wb-author\">admin<\/span><span class=\"wb-date\">2024\/11\/21<\/span><\/div><\/div><br class=\"wbclear\"><div class=\"wb-columns-2\"><div class=\"wbcom-essential-posts-revolution-elementor-thumbs-container\"><img decoding=\"async\" class=\"wb-megaposts-thumbs\" src=\"https:\/\/sofi4agri.com\/wp-content\/uploads\/2024\/11\/Video-10-800x500.jpg\" alt=\"Eko Festival 2024 &#8211; Zeleni obrazovni program &#8211; predavanja\"><\/div><div class=\"wb-info-left\"><span class=\"wb-category\"><a href=\"https:\/\/sofi4agri.com\/en\/kategorija\/sofi-video\/\" title=\"View all posts in SOFI Video\">SOFI Videos<\/a><\/span><span class=\"wb-title\"><a href=\"https:\/\/sofi4agri.com\/en\/eko-festival-2024-zeleni-obrazovni-program-predavanja\/\">Eko Festival 2024 \u2013 Zeleni obrazovni program \u2013 predavanja<\/a><\/span><span class=\"wb-author\">admin<\/span><span class=\"wb-date\">2024\/11\/21<\/span><\/div><\/div><div class=\"wb-columns-2\"><div class=\"wbcom-essential-posts-revolution-elementor-thumbs-container\"><img decoding=\"async\" class=\"wb-megaposts-thumbs\" src=\"https:\/\/sofi4agri.com\/wp-content\/uploads\/2024\/11\/video-12-800x500.jpg\" alt=\"Vrtlog klimatskih ekstrema &#8211; izazovi danas, prof. dr. sc. Branko Grisogono\"><\/div><div class=\"wb-info-left\"><span class=\"wb-category\"><a href=\"https:\/\/sofi4agri.com\/en\/kategorija\/sofi-video\/\" title=\"View all posts in SOFI Video\">SOFI Videos<\/a><\/span><span class=\"wb-title\"><a href=\"https:\/\/sofi4agri.com\/en\/vrtlog-klimatskih-ekstrema-izazovi-danas-prof-dr-sc-branko-grisogono\/\">The vortex of climate extremes \u2013 challenges today, Prof. Dr. Branko Grisogono<\/a><\/span><span class=\"wb-author\">admin<\/span><span class=\"wb-date\">2024\/11\/21<\/span><\/div><\/div><br class=\"wbclear\"><div class=\"wb-columns-2\"><div class=\"wbcom-essential-posts-revolution-elementor-thumbs-container\"><img decoding=\"async\" class=\"wb-megaposts-thumbs\" src=\"https:\/\/sofi4agri.com\/wp-content\/uploads\/2024\/11\/video-12-800x500.jpg\" alt=\"Panel rasprava na temu Klimatskog akcijskog plana za poljoprivredu za Kri\u017eevce\"><\/div><div class=\"wb-info-left\"><span class=\"wb-category\"><a href=\"https:\/\/sofi4agri.com\/en\/kategorija\/sofi-video\/\" title=\"View all posts in SOFI Video\">SOFI Videos<\/a><\/span><span class=\"wb-title\"><a href=\"https:\/\/sofi4agri.com\/en\/panel-rasprava-na-temu-klimatskog-akcijskog-plana-za-poljoprivredu-za-krizevce\/\">Panel discussion on the Climate Action Plan for Agriculture for Kri\u017eevci<\/a><\/span><span class=\"wb-author\">admin<\/span><span class=\"wb-date\">2024\/11\/21<\/span><\/div><\/div><div class=\"wbclear\"><\/div><div class=\"wb-post-display-1 wb-pagination\"><\/div><\/div>\t\t\t\t<\/div>\n\t\t\t\t<\/div>\n\t\t\t\t\t<\/div>\n\t\t\t\t<\/div>\n\t\t\t\t<\/div>","protected":false},"excerpt":{"rendered":"<p>SOFI VideoEKO Festival 2024.admin2024\/11\/21SOFI VideoPametna ekolo\u0161ka poljoprivreda za odr\u017eiviju proizvodnju i zdraviju prehranuadmin2024\/11\/21SOFI VideoInicijativa za ekolo\u0161ku pametnu poljoprivredu na prigorskom radiju u emisji &#8220;Misli zeleno&#8221;admin2024\/11\/21SOFI VideoKonferencija Klimatski akcijski plan za poljoprivreduadmin2024\/11\/21SOFI VideoUtjecaj poljoprivrede na klimatske promjene (prof. dr. sc. Ivica Kisi\u0107, dekan, Sveu\u010dili\u0161te u Zagrebu Agronomski fakultet)admin2024\/11\/21SOFI VideoSOFI konferencija i najava Eko festivala 2023admin2024\/11\/21SOFI VideoEko [&hellip;]<\/p>","protected":false},"author":27,"featured_media":0,"parent":0,"menu_order":0,"comment_status":"closed","ping_status":"closed","template":"","meta":{"footnotes":""},"class_list":["post-4037","page","type-page","status-publish","hentry"],"_links":{"self":[{"href":"https:\/\/sofi4agri.com\/en\/wp-json\/wp\/v2\/pages\/4037","targetHints":{"allow":["GET"]}}],"collection":[{"href":"https:\/\/sofi4agri.com\/en\/wp-json\/wp\/v2\/pages"}],"about":[{"href":"https:\/\/sofi4agri.com\/en\/wp-json\/wp\/v2\/types\/page"}],"author":[{"embeddable":true,"href":"https:\/\/sofi4agri.com\/en\/wp-json\/wp\/v2\/users\/27"}],"replies":[{"embeddable":true,"href":"https:\/\/sofi4agri.com\/en\/wp-json\/wp\/v2\/comments?post=4037"}],"version-history":[{"count":16,"href":"https:\/\/sofi4agri.com\/en\/wp-json\/wp\/v2\/pages\/4037\/revisions"}],"predecessor-version":[{"id":4106,"href":"https:\/\/sofi4agri.com\/en\/wp-json\/wp\/v2\/pages\/4037\/revisions\/4106"}],"wp:attachment":[{"href":"https:\/\/sofi4agri.com\/en\/wp-json\/wp\/v2\/media?parent=4037"}],"curies":[{"name":"wp","href":"https:\/\/api.w.org\/{rel}","templated":true}]}}