{"id":4244,"date":"2024-12-19T08:12:01","date_gmt":"2024-12-19T08:12:01","guid":{"rendered":"https:\/\/sofi4agri.com\/?page_id=4244"},"modified":"2025-03-26T10:41:52","modified_gmt":"2025-03-26T10:41:52","slug":"dokumenti-sofi","status":"publish","type":"page","link":"https:\/\/sofi4agri.com\/en\/dokumenti-sofi\/","title":{"rendered":"Documents SOFI"},"content":{"rendered":"<div data-elementor-type=\"wp-page\" data-elementor-id=\"4244\" class=\"elementor elementor-4244\">\n\t\t\t\t<div class=\"elementor-element elementor-element-392b2d6 e-flex e-con-boxed e-con e-parent\" data-id=\"392b2d6\" data-element_type=\"container\" data-e-type=\"container\">\n\t\t\t\t\t<div class=\"e-con-inner\">\n\t\t\t\t<div class=\"elementor-element elementor-element-0425db8 elementor-widget elementor-widget-spacer\" data-id=\"0425db8\" data-element_type=\"widget\" data-e-type=\"widget\" data-widget_type=\"spacer.default\">\n\t\t\t\t<div class=\"elementor-widget-container\">\n\t\t\t\t\t\t\t<div class=\"elementor-spacer\">\n\t\t\t<div class=\"elementor-spacer-inner\"><\/div>\n\t\t<\/div>\n\t\t\t\t\t\t<\/div>\n\t\t\t\t<\/div>\n\t\t\t\t<div class=\"elementor-element elementor-element-6debba3 elementor-widget elementor-widget-text-editor\" data-id=\"6debba3\" data-element_type=\"widget\" data-e-type=\"widget\" data-widget_type=\"text-editor.default\">\n\t\t\t\t<div class=\"elementor-widget-container\">\n\t\t\t\t\t\t\t\t\t<h3>Participants of the Green Educational Program will create a business plan for their workshop or farm using the platform sofi4agri.com, with the option to download necessary documents, print them, or send the completed plan via email.<\/h3>\t\t\t\t\t\t\t\t<\/div>\n\t\t\t\t<\/div>\n\t\t\t\t\t<\/div>\n\t\t\t\t<\/div>\n\t\t<div class=\"elementor-element elementor-element-da3c521 e-flex e-con-boxed e-con e-parent\" data-id=\"da3c521\" data-element_type=\"container\" data-e-type=\"container\">\n\t\t\t\t\t<div class=\"e-con-inner\">\n\t\t<div class=\"elementor-element elementor-element-a3b707b e-con-full e-flex e-con e-child\" data-id=\"a3b707b\" data-element_type=\"container\" data-e-type=\"container\">\n\t\t\t\t<div class=\"elementor-element elementor-element-0b1b66d elementor-align-center elementor-widget elementor-widget-button\" data-id=\"0b1b66d\" data-element_type=\"widget\" data-e-type=\"widget\" data-widget_type=\"button.default\">\n\t\t\t\t<div class=\"elementor-widget-container\">\n\t\t\t\t\t\t\t\t\t<div class=\"elementor-button-wrapper\">\n\t\t\t\t\t<a class=\"elementor-button elementor-button-link elementor-size-sm\" href=\"https:\/\/sofi4agri.com\/wp-content\/uploads\/2024\/12\/poslovni-plan.pdf\">\n\t\t\t\t\t\t<span class=\"elementor-button-content-wrapper\">\n\t\t\t\t\t\t\t\t\t<span class=\"elementor-button-text\">Business Plan - DOWNLOAD<\/span>\n\t\t\t\t\t<\/span>\n\t\t\t\t\t<\/a>\n\t\t\t\t<\/div>\n\t\t\t\t\t\t\t\t<\/div>\n\t\t\t\t<\/div>\n\t\t\t\t<\/div>\n\t\t<div class=\"elementor-element elementor-element-092cace e-con-full e-flex e-con e-child\" data-id=\"092cace\" data-element_type=\"container\" data-e-type=\"container\">\n\t\t\t\t<div class=\"elementor-element elementor-element-a6e5bdb elementor-align-center elementor-widget elementor-widget-button\" data-id=\"a6e5bdb\" data-element_type=\"widget\" data-e-type=\"widget\" data-widget_type=\"button.default\">\n\t\t\t\t<div class=\"elementor-widget-container\">\n\t\t\t\t\t\t\t\t\t<div class=\"elementor-button-wrapper\">\n\t\t\t\t\t<a class=\"elementor-button elementor-button-link elementor-size-sm\" href=\"https:\/\/sofi4agri.com\/wp-content\/uploads\/2024\/12\/investicioni-program.pdf\">\n\t\t\t\t\t\t<span class=\"elementor-button-content-wrapper\">\n\t\t\t\t\t\t\t\t\t<span class=\"elementor-button-text\">Investment Program - DOWNLOAD<\/span>\n\t\t\t\t\t<\/span>\n\t\t\t\t\t<\/a>\n\t\t\t\t<\/div>\n\t\t\t\t\t\t\t\t<\/div>\n\t\t\t\t<\/div>\n\t\t\t\t<\/div>\n\t\t\t\t\t<\/div>\n\t\t\t\t<\/div>\n\t\t<div class=\"elementor-element elementor-element-3c042ad e-flex e-con-boxed e-con e-parent\" data-id=\"3c042ad\" data-element_type=\"container\" data-e-type=\"container\">\n\t\t\t\t\t<div class=\"e-con-inner\">\n\t\t\t\t<div class=\"elementor-element elementor-element-4b47346 elementor-widget elementor-widget-spacer\" data-id=\"4b47346\" data-element_type=\"widget\" data-e-type=\"widget\" data-widget_type=\"spacer.default\">\n\t\t\t\t<div class=\"elementor-widget-container\">\n\t\t\t\t\t\t\t<div class=\"elementor-spacer\">\n\t\t\t<div class=\"elementor-spacer-inner\"><\/div>\n\t\t<\/div>\n\t\t\t\t\t\t<\/div>\n\t\t\t\t<\/div>\n\t\t\t\t<div class=\"elementor-element elementor-element-ed8e133 elementor-widget elementor-widget-text-editor\" data-id=\"ed8e133\" data-element_type=\"widget\" data-e-type=\"widget\" data-widget_type=\"text-editor.default\">\n\t\t\t\t<div class=\"elementor-widget-container\">\n\t\t\t\t\t\t\t\t\t<h3>RAISING AWARENESS OF CLIMATE CHANGES<br \/>WITHIN THE PROJECT \"INITIATIVE FOR SMART<br \/>ECOLOGICAL AGRICULTURE\"<\/h3>\t\t\t\t\t\t\t\t<\/div>\n\t\t\t\t<\/div>\n\t\t\t\t\t<\/div>\n\t\t\t\t<\/div>\n\t\t<div class=\"elementor-element elementor-element-80aeb1a e-flex e-con-boxed e-con e-parent\" data-id=\"80aeb1a\" data-element_type=\"container\" data-e-type=\"container\">\n\t\t\t\t\t<div class=\"e-con-inner\">\n\t\t<div class=\"elementor-element elementor-element-3bfdef5 e-con-full e-flex e-con e-child\" data-id=\"3bfdef5\" data-element_type=\"container\" data-e-type=\"container\">\n\t\t\t\t<div class=\"elementor-element elementor-element-86cf927 elementor-align-center elementor-widget elementor-widget-button\" data-id=\"86cf927\" data-element_type=\"widget\" data-e-type=\"widget\" data-widget_type=\"button.default\">\n\t\t\t\t<div class=\"elementor-widget-container\">\n\t\t\t\t\t\t\t\t\t<div class=\"elementor-button-wrapper\">\n\t\t\t\t\t<a class=\"elementor-button elementor-button-link elementor-size-sm\" href=\"https:\/\/sofi4agri.com\/wp-content\/uploads\/2025\/03\/Final-paper_Danijel-Topljak1.pdf\">\n\t\t\t\t\t\t<span class=\"elementor-button-content-wrapper\">\n\t\t\t\t\t\t\t\t\t<span class=\"elementor-button-text\">Final thesis - Topoljak, Daniel<\/span>\n\t\t\t\t\t<\/span>\n\t\t\t\t\t<\/a>\n\t\t\t\t<\/div>\n\t\t\t\t\t\t\t\t<\/div>\n\t\t\t\t<\/div>\n\t\t\t\t<\/div>\n\t\t<div class=\"elementor-element elementor-element-9e61824 e-con-full e-flex e-con e-child\" data-id=\"9e61824\" data-element_type=\"container\" data-e-type=\"container\">\n\t\t\t\t<div class=\"elementor-element elementor-element-c2bd8fb elementor-align-center elementor-widget elementor-widget-button\" data-id=\"c2bd8fb\" data-element_type=\"widget\" data-e-type=\"widget\" data-widget_type=\"button.default\">\n\t\t\t\t<div class=\"elementor-widget-container\">\n\t\t\t\t\t\t\t\t\t<div class=\"elementor-button-wrapper\">\n\t\t\t\t\t<a class=\"elementor-button elementor-button-link elementor-size-sm\" href=\"https:\/\/sofi4agri.com\/wp-content\/uploads\/2025\/03\/Practice-report-Danijel-Topljak1.pdf\">\n\t\t\t\t\t\t<span class=\"elementor-button-content-wrapper\">\n\t\t\t\t\t\t\t\t\t<span class=\"elementor-button-text\">Internship report<\/span>\n\t\t\t\t\t<\/span>\n\t\t\t\t\t<\/a>\n\t\t\t\t<\/div>\n\t\t\t\t\t\t\t\t<\/div>\n\t\t\t\t<\/div>\n\t\t\t\t<\/div>\n\t\t\t\t\t<\/div>\n\t\t\t\t<\/div>\n\t\t<div class=\"elementor-element elementor-element-ba9c360 e-flex e-con-boxed e-con e-parent\" data-id=\"ba9c360\" data-element_type=\"container\" data-e-type=\"container\">\n\t\t\t\t\t<div class=\"e-con-inner\">\n\t\t\t\t<div class=\"elementor-element elementor-element-a50e4e5 elementor-widget elementor-widget-spacer\" data-id=\"a50e4e5\" data-element_type=\"widget\" data-e-type=\"widget\" data-widget_type=\"spacer.default\">\n\t\t\t\t<div class=\"elementor-widget-container\">\n\t\t\t\t\t\t\t<div class=\"elementor-spacer\">\n\t\t\t<div class=\"elementor-spacer-inner\"><\/div>\n\t\t<\/div>\n\t\t\t\t\t\t<\/div>\n\t\t\t\t<\/div>\n\t\t\t\t<div class=\"elementor-element elementor-element-55509c9 elementor-widget elementor-widget-text-editor\" data-id=\"55509c9\" data-element_type=\"widget\" data-e-type=\"widget\" data-widget_type=\"text-editor.default\">\n\t\t\t\t<div class=\"elementor-widget-container\">\n\t\t\t\t\t\t\t\t\t<h3>Student Timon Fabijanec wrote and defended his final thesis at the Polytechnic in Kri\u017eevci in September 2024<\/h3><p>MARKETING ACTIVITIES OF THE EKOPLOD ASSOCIATION<\/p>\t\t\t\t\t\t\t\t<\/div>\n\t\t\t\t<\/div>\n\t\t\t\t<div class=\"elementor-element elementor-element-b5909a9 elementor-align-center elementor-widget elementor-widget-button\" data-id=\"b5909a9\" data-element_type=\"widget\" data-e-type=\"widget\" data-widget_type=\"button.default\">\n\t\t\t\t<div class=\"elementor-widget-container\">\n\t\t\t\t\t\t\t\t\t<div class=\"elementor-button-wrapper\">\n\t\t\t\t\t<a class=\"elementor-button elementor-button-link elementor-size-sm\" href=\"https:\/\/sofi4agri.com\/wp-content\/uploads\/2025\/03\/Final-paper_Fabijanec.pdf\">\n\t\t\t\t\t\t<span class=\"elementor-button-content-wrapper\">\n\t\t\t\t\t\t\t\t\t<span class=\"elementor-button-text\">Final work - Fabijanec Timon<\/span>\n\t\t\t\t\t<\/span>\n\t\t\t\t\t<\/a>\n\t\t\t\t<\/div>\n\t\t\t\t\t\t\t\t<\/div>\n\t\t\t\t<\/div>\n\t\t\t\t\t<\/div>\n\t\t\t\t<\/div>\n\t\t<div class=\"elementor-element elementor-element-1713007 e-flex e-con-boxed e-con e-parent\" data-id=\"1713007\" data-element_type=\"container\" data-e-type=\"container\">\n\t\t\t\t\t<div class=\"e-con-inner\">\n\t\t<div class=\"elementor-element elementor-element-e8501f8 e-con-full e-flex e-con e-child\" data-id=\"e8501f8\" data-element_type=\"container\" data-e-type=\"container\">\n\t\t\t\t<\/div>\n\t\t\t\t\t<\/div>\n\t\t\t\t<\/div>\n\t\t\t\t<\/div>","protected":false},"excerpt":{"rendered":"<p>Polaznici Zelenog obrazovnog programa kreirati \u0107e poslovni plan za svoj obrt ili farmu koriste\u0107i platfromu sofi4agri.com, s mogu\u0107no\u0161\u0107u preuzimanja potrebnih dokumenata, ispisivanja ili slanja gotovog plana putem e-maila. Poslovni plan &#8211; PREUZIMANJE Investicioni program &#8211; PREUZIMANJE PODIZANJE SVIJESTI O KLIMATSKIM PROMJENAMA UOKVIRU PROJEKTA &#8220;INICIJATIVA ZA PAMETNUEKOLO\u0160KU POLJOPRIVREDU&#8221; Zavr\u0161ni rad &#8211; Topoljak, Daniel Izvje\u0161\u0107e sa stru\u010dne [&hellip;]<\/p>","protected":false},"author":1,"featured_media":0,"parent":0,"menu_order":0,"comment_status":"closed","ping_status":"closed","template":"elementor_header_footer","meta":{"footnotes":""},"class_list":["post-4244","page","type-page","status-publish","hentry"],"_links":{"self":[{"href":"https:\/\/sofi4agri.com\/en\/wp-json\/wp\/v2\/pages\/4244","targetHints":{"allow":["GET"]}}],"collection":[{"href":"https:\/\/sofi4agri.com\/en\/wp-json\/wp\/v2\/pages"}],"about":[{"href":"https:\/\/sofi4agri.com\/en\/wp-json\/wp\/v2\/types\/page"}],"author":[{"embeddable":true,"href":"https:\/\/sofi4agri.com\/en\/wp-json\/wp\/v2\/users\/1"}],"replies":[{"embeddable":true,"href":"https:\/\/sofi4agri.com\/en\/wp-json\/wp\/v2\/comments?post=4244"}],"version-history":[{"count":25,"href":"https:\/\/sofi4agri.com\/en\/wp-json\/wp\/v2\/pages\/4244\/revisions"}],"predecessor-version":[{"id":4565,"href":"https:\/\/sofi4agri.com\/en\/wp-json\/wp\/v2\/pages\/4244\/revisions\/4565"}],"wp:attachment":[{"href":"https:\/\/sofi4agri.com\/en\/wp-json\/wp\/v2\/media?parent=4244"}],"curies":[{"name":"wp","href":"https:\/\/api.w.org\/{rel}","templated":true}]}}