{"id":4310,"date":"2025-01-28T08:54:48","date_gmt":"2025-01-28T08:54:48","guid":{"rendered":"https:\/\/sofi4agri.com\/?page_id=4310"},"modified":"2025-03-21T19:41:04","modified_gmt":"2025-03-21T19:41:04","slug":"klimatski-akcijski-plan","status":"publish","type":"page","link":"https:\/\/sofi4agri.com\/en\/klimatski-akcijski-plan\/","title":{"rendered":"Climate action plan"},"content":{"rendered":"<div data-elementor-type=\"wp-page\" data-elementor-id=\"4310\" class=\"elementor elementor-4310\">\n\t\t\t\t<div class=\"elementor-element elementor-element-beafcde e-flex e-con-boxed e-con e-parent\" data-id=\"beafcde\" data-element_type=\"container\" data-e-type=\"container\">\n\t\t\t\t\t<div class=\"e-con-inner\">\n\t\t\t\t<div class=\"elementor-element elementor-element-c7b4b9f elementor-widget elementor-widget-spacer\" data-id=\"c7b4b9f\" data-element_type=\"widget\" data-e-type=\"widget\" data-widget_type=\"spacer.default\">\n\t\t\t\t<div class=\"elementor-widget-container\">\n\t\t\t\t\t\t\t<div class=\"elementor-spacer\">\n\t\t\t<div class=\"elementor-spacer-inner\"><\/div>\n\t\t<\/div>\n\t\t\t\t\t\t<\/div>\n\t\t\t\t<\/div>\n\t\t\t\t\t<\/div>\n\t\t\t\t<\/div>\n\t\t<div class=\"elementor-element elementor-element-f045f2c e-flex e-con-boxed e-con e-parent\" data-id=\"f045f2c\" data-element_type=\"container\" data-e-type=\"container\">\n\t\t\t\t\t<div class=\"e-con-inner\">\n\t\t\t\t<div class=\"elementor-element elementor-element-b000bb0 elementor-widget elementor-widget-heading\" data-id=\"b000bb0\" data-element_type=\"widget\" data-e-type=\"widget\" data-widget_type=\"heading.default\">\n\t\t\t\t<div class=\"elementor-widget-container\">\n\t\t\t\t\t<h2 class=\"elementor-heading-title elementor-size-default\">Climate Action Plan for Agriculture in Kri\u017eevci<\/h2>\t\t\t\t<\/div>\n\t\t\t\t<\/div>\n\t\t\t\t<div class=\"elementor-element elementor-element-9f62a59 elementor-widget elementor-widget-text-editor\" data-id=\"9f62a59\" data-element_type=\"widget\" data-e-type=\"widget\" data-widget_type=\"text-editor.default\">\n\t\t\t\t<div class=\"elementor-widget-container\">\n\t\t\t\t\t\t\t\t\t<p>Climate action plan measures will enable the reduction of negative impact of agricultural systems on climate change, reduce carbon footprint and ensure sustainable food production for future generations. An integrated approach involving the cooperation of all stakeholders \u2013 from farmers to consumers, scientists and policy makers \u2013 is essential to achieving the goals of the climate action plan and preserving our planet.<\/p>\t\t\t\t\t\t\t\t<\/div>\n\t\t\t\t<\/div>\n\t\t\t\t<div class=\"elementor-element elementor-element-3469727 elementor-widget elementor-widget-button\" data-id=\"3469727\" data-element_type=\"widget\" data-e-type=\"widget\" data-widget_type=\"button.default\">\n\t\t\t\t<div class=\"elementor-widget-container\">\n\t\t\t\t\t\t\t\t\t<div class=\"elementor-button-wrapper\">\n\t\t\t\t\t<a class=\"elementor-button elementor-button-link elementor-size-sm\" href=\"https:\/\/sofi4agri.com\/wp-content\/uploads\/2025\/03\/Climate-action-plan-for-agriculture-for-the-city-o_250317_112942.pdf\">\n\t\t\t\t\t\t<span class=\"elementor-button-content-wrapper\">\n\t\t\t\t\t\t\t\t\t<span class=\"elementor-button-text\">Climate Action Plan for Agriculture in Kri\u017eevci<\/span>\n\t\t\t\t\t<\/span>\n\t\t\t\t\t<\/a>\n\t\t\t\t<\/div>\n\t\t\t\t\t\t\t\t<\/div>\n\t\t\t\t<\/div>\n\t\t\t\t\t<\/div>\n\t\t\t\t<\/div>\n\t\t<div class=\"elementor-element elementor-element-5eb837f e-flex e-con-boxed e-con e-parent\" data-id=\"5eb837f\" data-element_type=\"container\" data-e-type=\"container\">\n\t\t\t\t\t<div class=\"e-con-inner\">\n\t\t\t\t<div class=\"elementor-element elementor-element-8194a25 elementor-widget elementor-widget-heading\" data-id=\"8194a25\" data-element_type=\"widget\" data-e-type=\"widget\" data-widget_type=\"heading.default\">\n\t\t\t\t<div class=\"elementor-widget-container\">\n\t\t\t\t\t<h2 class=\"elementor-heading-title elementor-size-default\">Climate Action Plan for Agriculture in Travnik<\/h2>\t\t\t\t<\/div>\n\t\t\t\t<\/div>\n\t\t\t\t<div class=\"elementor-element elementor-element-e5252c9 elementor-widget elementor-widget-text-editor\" data-id=\"e5252c9\" data-element_type=\"widget\" data-e-type=\"widget\" data-widget_type=\"text-editor.default\">\n\t\t\t\t<div class=\"elementor-widget-container\">\n\t\t\t\t\t\t\t\t\t<p>This publication was created as an activity of the SOFI - Smart Organic Food Initiative project.<br \/>This project is part of the European Climate Initiative (EUKI) of the German Federal Ministry<br \/>for Economic Affairs and Climate Change (BMWK). The content of the document is the sole responsibility<br \/>of the author and can under no circumstances be taken to reflect the views of the Federal<br \/>Ministry for Economic Affairs and Climate Change.<\/p>\t\t\t\t\t\t\t\t<\/div>\n\t\t\t\t<\/div>\n\t\t\t\t<div class=\"elementor-element elementor-element-69a2c4f elementor-widget elementor-widget-button\" data-id=\"69a2c4f\" data-element_type=\"widget\" data-e-type=\"widget\" data-widget_type=\"button.default\">\n\t\t\t\t<div class=\"elementor-widget-container\">\n\t\t\t\t\t\t\t\t\t<div class=\"elementor-button-wrapper\">\n\t\t\t\t\t<a class=\"elementor-button elementor-button-link elementor-size-sm\" href=\"https:\/\/sofi4agri.com\/wp-content\/uploads\/2025\/04\/CLIMATE-ACTION-PLAN-OK.pdf\">\n\t\t\t\t\t\t<span class=\"elementor-button-content-wrapper\">\n\t\t\t\t\t\t\t\t\t<span class=\"elementor-button-text\">Climate Action Plan for Agriculture in Travnik<\/span>\n\t\t\t\t\t<\/span>\n\t\t\t\t\t<\/a>\n\t\t\t\t<\/div>\n\t\t\t\t\t\t\t\t<\/div>\n\t\t\t\t<\/div>\n\t\t\t\t\t<\/div>\n\t\t\t\t<\/div>\n\t\t\t\t<\/div>","protected":false},"excerpt":{"rendered":"<p>Klimatski akcijski plan za poljoprivredu za grad Kri\u017eevce Mjere klimatskog akcijskog plana omogu\u0107it \u0107e smanjenje negativnog utjecaja poljoprivrednih sustava na klimatske promjene, smanjiti uglji\u010dni otisak i osigurati odr\u017eivu proizvodnju hrane za budu\u0107e generacije. Integrirani pristup koji uklju\u010duje suradnju svih dionika \u2013 od poljoprivrednika do potro\u0161a\u010da, znanstvenika i kreatora politike \u2013 klju\u010dan je za postizanje ciljeva [&hellip;]<\/p>","protected":false},"author":1,"featured_media":0,"parent":0,"menu_order":0,"comment_status":"closed","ping_status":"closed","template":"elementor_header_footer","meta":{"footnotes":""},"class_list":["post-4310","page","type-page","status-publish","hentry"],"_links":{"self":[{"href":"https:\/\/sofi4agri.com\/en\/wp-json\/wp\/v2\/pages\/4310","targetHints":{"allow":["GET"]}}],"collection":[{"href":"https:\/\/sofi4agri.com\/en\/wp-json\/wp\/v2\/pages"}],"about":[{"href":"https:\/\/sofi4agri.com\/en\/wp-json\/wp\/v2\/types\/page"}],"author":[{"embeddable":true,"href":"https:\/\/sofi4agri.com\/en\/wp-json\/wp\/v2\/users\/1"}],"replies":[{"embeddable":true,"href":"https:\/\/sofi4agri.com\/en\/wp-json\/wp\/v2\/comments?post=4310"}],"version-history":[{"count":40,"href":"https:\/\/sofi4agri.com\/en\/wp-json\/wp\/v2\/pages\/4310\/revisions"}],"predecessor-version":[{"id":4534,"href":"https:\/\/sofi4agri.com\/en\/wp-json\/wp\/v2\/pages\/4310\/revisions\/4534"}],"wp:attachment":[{"href":"https:\/\/sofi4agri.com\/en\/wp-json\/wp\/v2\/media?parent=4310"}],"curies":[{"name":"wp","href":"https:\/\/api.w.org\/{rel}","templated":true}]}}